{"id":70,"date":"2024-12-31T06:53:56","date_gmt":"2024-12-31T06:53:56","guid":{"rendered":"https:\/\/rmtst.impetris.ch\/?post_type=product&#038;p=70"},"modified":"2024-12-31T06:54:23","modified_gmt":"2024-12-31T06:54:23","slug":"heimat","status":"publish","type":"product","link":"https:\/\/rmtst.impetris.ch\/?product=heimat","title":{"rendered":"Heimat"},"content":{"rendered":"<p>&nbsp;<\/p>\n<p>&nbsp;<\/p>\n<p><em>Heimat<\/em><\/p>\n<p><em>\u00a0<\/em><\/p>\n<p><em>Home Feeling, Wohlgef\u00fchl, W\u00e4rme, bekannte D\u00fcfte<\/em><\/p>\n<p><em>Naturverbundenheit, Wald<\/em><\/p>\n<p><em>Gibt Boden unter den F\u00fcssen, erdend<\/em><\/p>\n<p><em>Gef\u00fchl von Ankommen, da sein, Zuhause<\/em><\/p>\n<p><em>Innere w\u00e4rme, Ruhe<\/em><\/p>\n<p><em>\u00a0<\/em><\/p>\n<p><em>Geeignet<\/em><\/p>\n<p><em>\u00a0<\/em><\/p>\n<p><em>Bei Heimweh, Erdig, waldiger Geruch, von Wald und Wiese.<\/em><\/p>\n<p><em>Bei Fluchtgef\u00fchl, nicht hier sein wollen.<\/em><\/p>\n<p><em>Hilft Anzukommen, ob nach langen Reisen oder bei Verlust der Bodenhaftung.<\/em><\/p>\n<p><em>\u00a0<\/em><\/p>\n<p><em>Pers\u00f6nlich<\/em><\/p>\n<p><em>\u00a0<\/em><\/p>\n<p><em>Diese Mischung gibt mir das Gef\u00fchl zu Hause zu sein, der waldig, erdige Geruch erinnert mich an Waldspazierg\u00e4nge in der Schweiz. Es erdet<\/em> <em>mich und verleiht mir ein Wohlgef\u00fchl und innere W\u00e4rme, so wie eine Ruhe und ein Gef\u00fchl von Bewusstem, da sein.<\/em><\/p>\n<p><em>\u00a0<\/em><\/p>\n<p><em>Inhalt: Zedernholz, Holunderbl\u00fcten, Wacholdernadeln, Fichtenharz.<\/em><\/p>\n<p><em>\u00a0<\/em><\/p>\n<p><em>\u00a0<\/em><\/p>\n<p><em>www.r\u00e4uchermagie.ch<\/em><\/p>\n","protected":false},"excerpt":{"rendered":"<p>&nbsp; &nbsp; Heimat \u00a0 Home Feeling, Wohlgef\u00fchl, W\u00e4rme, bekannte D\u00fcfte Naturverbundenheit, Wald Gibt Boden unter den F\u00fcssen, erdend Gef\u00fchl von Ankommen, da sein, Zuhause Innere w\u00e4rme, Ruhe \u00a0 Geeignet \u00a0 [&hellip;]<\/p>\n","protected":false},"featured_media":89,"comment_status":"open","ping_status":"closed","template":"","meta":[],"product_cat":[15],"product_tag":[],"class_list":{"0":"post-70","1":"product","2":"type-product","3":"status-publish","4":"has-post-thumbnail","6":"product_cat-unkategorisiert","8":"first","9":"instock","10":"shipping-taxable","11":"product-type-simple"},"_links":{"self":[{"href":"https:\/\/rmtst.impetris.ch\/index.php?rest_route=\/wp\/v2\/product\/70","targetHints":{"allow":["GET"]}}],"collection":[{"href":"https:\/\/rmtst.impetris.ch\/index.php?rest_route=\/wp\/v2\/product"}],"about":[{"href":"https:\/\/rmtst.impetris.ch\/index.php?rest_route=\/wp\/v2\/types\/product"}],"replies":[{"embeddable":true,"href":"https:\/\/rmtst.impetris.ch\/index.php?rest_route=%2Fwp%2Fv2%2Fcomments&post=70"}],"wp:featuredmedia":[{"embeddable":true,"href":"https:\/\/rmtst.impetris.ch\/index.php?rest_route=\/wp\/v2\/media\/89"}],"wp:attachment":[{"href":"https:\/\/rmtst.impetris.ch\/index.php?rest_route=%2Fwp%2Fv2%2Fmedia&parent=70"}],"wp:term":[{"taxonomy":"product_cat","embeddable":true,"href":"https:\/\/rmtst.impetris.ch\/index.php?rest_route=%2Fwp%2Fv2%2Fproduct_cat&post=70"},{"taxonomy":"product_tag","embeddable":true,"href":"https:\/\/rmtst.impetris.ch\/index.php?rest_route=%2Fwp%2Fv2%2Fproduct_tag&post=70"}],"curies":[{"name":"wp","href":"https:\/\/api.w.org\/{rel}","templated":true}]}}